{"id":5865,"date":"2025-09-11T09:53:59","date_gmt":"2025-09-11T13:53:59","guid":{"rendered":"https:\/\/nutricia.ca\/?page_id=5865"},"modified":"2025-09-11T09:54:02","modified_gmt":"2025-09-11T13:54:02","slug":"notre-engagement-envers-les-droits-de-lhomme","status":"publish","type":"page","link":"https:\/\/nutricia.ca\/fr\/notre-engagement-envers-les-droits-de-lhomme\/","title":{"rendered":"Notre Engagement envers les Droits de l&rsquo;Homme\u00a0"},"content":{"rendered":"\n<p>Le 1er janvier 2024, la Loi sur la Lutte contre le Travail Forc\u00e9 et le Travail des Enfants dans les Cha\u00eenes d&rsquo;Approvisionnement est entr\u00e9e en vigueur, exigeant des entreprises qu&rsquo;elles rendent compte annuellement des mesures qu&rsquo;elles ont mises en \u0153uvre pour combattr<strong>e le <\/strong>travail forc\u00e9 et le travail des enfants.<\/p>\n\n\n\n<p>Ci-dessous, vous trouverez nos rapports publi\u00e9s, qui d\u00e9crivent nos efforts et nos progr\u00e8s dans la pr\u00e9vention de l&rsquo;utilisation du travail forc\u00e9 et du travail des enfants au sein de nos cha\u00eenes d&rsquo;approvisionnement.<\/p>\n\n\n\n<p>Chez Danone, nous avons une approche de tol\u00e9rance z\u00e9ro envers le travail forc\u00e9 et nous nous engageons \u00e0 prot\u00e9ger les droits de l&rsquo;homme tout au long de notre cha\u00eene de valeur. Nous croyons que des progr\u00e8s ne peuvent \u00eatre r\u00e9alis\u00e9s que lorsque les entreprises, les gouvernements et la soci\u00e9t\u00e9 civile travaillent ensemble pour contester et pr\u00e9venir le travail forc\u00e9.<\/p>\n\n\n\n<p><strong>2023 &#8211;&nbsp;<a href=\"https:\/\/danone.ca\/content\/dam\/corp\/local\/noram\/danone-canada\/home\/FR%20DANONE%20Canada%20FAFL%20Report%20-%20FINAL.pdf\">Rapport sur la Lutte contre le Travail Forc\u00e9 et le Travail des Enfants<\/a><\/strong><\/p>\n\n\n\n<p><strong>2024 &#8211;&nbsp;<a href=\"https:\/\/danone.ca\/content\/dam\/corp\/local\/noram\/danone-canada\/home\/CDD-FR%20-%202024%20FAFL%20Report.pdf\">Rapport sur la Lutte contre le Travail Forc\u00e9 et le Travail des Enfants<\/a><\/strong><\/p>\n","protected":false},"excerpt":{"rendered":"<p>Le 1er janvier 2024, la Loi sur la Lutte contre le Travail Forc\u00e9 et le Travail des Enfants dans les Cha\u00eenes d&rsquo;Approvisionnement est entr\u00e9e en vigueur, exigeant des entreprises qu&rsquo;elles rendent compte annuellement des mesures qu&rsquo;elles ont mises en \u0153uvre pour combattre le travail forc\u00e9 et le travail des enfants. Ci-dessous, vous trouverez nos rapports [&hellip;]<\/p>\n","protected":false},"author":1024,"featured_media":0,"parent":0,"menu_order":0,"comment_status":"closed","ping_status":"closed","template":"","meta":{"_acf_changed":false,"footnotes":""},"pages_types":[],"class_list":["post-5865","page","type-page","status-publish","hentry"],"acf":[],"yoast_head":"<!-- This site is optimized with the Yoast SEO plugin v26.9 - https:\/\/yoast.com\/product\/yoast-seo-wordpress\/ -->\n<title>Notre Engagement envers les Droits de l&#039;Homme\u00a0 - Nutricia<\/title>\n<meta name=\"robots\" content=\"index, follow, max-snippet:-1, max-image-preview:large, max-video-preview:-1\" \/>\n<link rel=\"canonical\" href=\"https:\/\/nutricia.ca\/fr\/notre-engagement-envers-les-droits-de-lhomme\/\" \/>\n<meta property=\"og:locale\" content=\"fr_FR\" \/>\n<meta property=\"og:type\" content=\"article\" \/>\n<meta property=\"og:title\" content=\"Notre Engagement envers les Droits de l&#039;Homme\u00a0 - Nutricia\" \/>\n<meta property=\"og:description\" content=\"Le 1er janvier 2024, la Loi sur la Lutte contre le Travail Forc\u00e9 et le Travail des Enfants dans les Cha\u00eenes d&rsquo;Approvisionnement est entr\u00e9e en vigueur, exigeant des entreprises qu&rsquo;elles rendent compte annuellement des mesures qu&rsquo;elles ont mises en \u0153uvre pour combattre le travail forc\u00e9 et le travail des enfants. Ci-dessous, vous trouverez nos rapports [&hellip;]\" \/>\n<meta property=\"og:url\" content=\"https:\/\/nutricia.ca\/fr\/notre-engagement-envers-les-droits-de-lhomme\/\" \/>\n<meta property=\"og:site_name\" content=\"Nutricia\" \/>\n<meta property=\"article:publisher\" content=\"https:\/\/www.facebook.com\/NutriciaNorthAmerica\/\" \/>\n<meta property=\"article:modified_time\" content=\"2025-09-11T13:54:02+00:00\" \/>\n<meta name=\"twitter:card\" content=\"summary_large_image\" \/>\n<meta name=\"twitter:site\" content=\"@NutriciaUs\" \/>\n<meta name=\"twitter:label1\" content=\"Dur\u00e9e de lecture estim\u00e9e\" \/>\n\t<meta name=\"twitter:data1\" content=\"1 minute\" \/>\n<script type=\"application\/ld+json\" class=\"yoast-schema-graph\">{\"@context\":\"https:\/\/schema.org\",\"@graph\":[{\"@type\":\"WebPage\",\"@id\":\"https:\/\/nutricia.ca\/fr\/notre-engagement-envers-les-droits-de-lhomme\/\",\"url\":\"https:\/\/nutricia.ca\/fr\/notre-engagement-envers-les-droits-de-lhomme\/\",\"name\":\"Notre Engagement envers les Droits de l'Homme\u00a0 - Nutricia\",\"isPartOf\":{\"@id\":\"https:\/\/nutricia.ca\/fr\/#website\"},\"datePublished\":\"2025-09-11T13:53:59+00:00\",\"dateModified\":\"2025-09-11T13:54:02+00:00\",\"inLanguage\":\"fr-FR\",\"potentialAction\":[{\"@type\":\"ReadAction\",\"target\":[\"https:\/\/nutricia.ca\/fr\/notre-engagement-envers-les-droits-de-lhomme\/\"]}]},{\"@type\":\"WebSite\",\"@id\":\"https:\/\/nutricia.ca\/fr\/#website\",\"url\":\"https:\/\/nutricia.ca\/fr\/\",\"name\":\"Nutricia\",\"description\":\"Life-Transforming Nutrition\",\"publisher\":{\"@id\":\"https:\/\/nutricia.ca\/fr\/#organization\"},\"potentialAction\":[{\"@type\":\"SearchAction\",\"target\":{\"@type\":\"EntryPoint\",\"urlTemplate\":\"https:\/\/nutricia.ca\/fr\/?s={search_term_string}\"},\"query-input\":{\"@type\":\"PropertyValueSpecification\",\"valueRequired\":true,\"valueName\":\"search_term_string\"}}],\"inLanguage\":\"fr-FR\"},{\"@type\":\"Organization\",\"@id\":\"https:\/\/nutricia.ca\/fr\/#organization\",\"name\":\"Nutricia\",\"url\":\"https:\/\/nutricia.ca\/fr\/\",\"logo\":{\"@type\":\"ImageObject\",\"inLanguage\":\"fr-FR\",\"@id\":\"https:\/\/nutricia.ca\/fr\/#\/schema\/logo\/image\/\",\"url\":\"https:\/\/nutricia.ca\/wp-content\/uploads\/2020\/04\/nutricia-logo-color.svg\",\"contentUrl\":\"https:\/\/nutricia.ca\/wp-content\/uploads\/2020\/04\/nutricia-logo-color.svg\",\"caption\":\"Nutricia\"},\"image\":{\"@id\":\"https:\/\/nutricia.ca\/fr\/#\/schema\/logo\/image\/\"},\"sameAs\":[\"https:\/\/www.facebook.com\/NutriciaNorthAmerica\/\",\"https:\/\/x.com\/NutriciaUs\",\"https:\/\/www.linkedin.com\/company\/nutricia-north-america\/\"]}]}<\/script>\n<!-- \/ Yoast SEO plugin. -->","yoast_head_json":{"title":"Notre Engagement envers les Droits de l'Homme\u00a0 - Nutricia","robots":{"index":"index","follow":"follow","max-snippet":"max-snippet:-1","max-image-preview":"max-image-preview:large","max-video-preview":"max-video-preview:-1"},"canonical":"https:\/\/nutricia.ca\/fr\/notre-engagement-envers-les-droits-de-lhomme\/","og_locale":"fr_FR","og_type":"article","og_title":"Notre Engagement envers les Droits de l'Homme\u00a0 - Nutricia","og_description":"Le 1er janvier 2024, la Loi sur la Lutte contre le Travail Forc\u00e9 et le Travail des Enfants dans les Cha\u00eenes d&rsquo;Approvisionnement est entr\u00e9e en vigueur, exigeant des entreprises qu&rsquo;elles rendent compte annuellement des mesures qu&rsquo;elles ont mises en \u0153uvre pour combattre le travail forc\u00e9 et le travail des enfants. Ci-dessous, vous trouverez nos rapports [&hellip;]","og_url":"https:\/\/nutricia.ca\/fr\/notre-engagement-envers-les-droits-de-lhomme\/","og_site_name":"Nutricia","article_publisher":"https:\/\/www.facebook.com\/NutriciaNorthAmerica\/","article_modified_time":"2025-09-11T13:54:02+00:00","twitter_card":"summary_large_image","twitter_site":"@NutriciaUs","twitter_misc":{"Dur\u00e9e de lecture estim\u00e9e":"1 minute"},"schema":{"@context":"https:\/\/schema.org","@graph":[{"@type":"WebPage","@id":"https:\/\/nutricia.ca\/fr\/notre-engagement-envers-les-droits-de-lhomme\/","url":"https:\/\/nutricia.ca\/fr\/notre-engagement-envers-les-droits-de-lhomme\/","name":"Notre Engagement envers les Droits de l'Homme\u00a0 - Nutricia","isPartOf":{"@id":"https:\/\/nutricia.ca\/fr\/#website"},"datePublished":"2025-09-11T13:53:59+00:00","dateModified":"2025-09-11T13:54:02+00:00","inLanguage":"fr-FR","potentialAction":[{"@type":"ReadAction","target":["https:\/\/nutricia.ca\/fr\/notre-engagement-envers-les-droits-de-lhomme\/"]}]},{"@type":"WebSite","@id":"https:\/\/nutricia.ca\/fr\/#website","url":"https:\/\/nutricia.ca\/fr\/","name":"Nutricia","description":"Life-Transforming Nutrition","publisher":{"@id":"https:\/\/nutricia.ca\/fr\/#organization"},"potentialAction":[{"@type":"SearchAction","target":{"@type":"EntryPoint","urlTemplate":"https:\/\/nutricia.ca\/fr\/?s={search_term_string}"},"query-input":{"@type":"PropertyValueSpecification","valueRequired":true,"valueName":"search_term_string"}}],"inLanguage":"fr-FR"},{"@type":"Organization","@id":"https:\/\/nutricia.ca\/fr\/#organization","name":"Nutricia","url":"https:\/\/nutricia.ca\/fr\/","logo":{"@type":"ImageObject","inLanguage":"fr-FR","@id":"https:\/\/nutricia.ca\/fr\/#\/schema\/logo\/image\/","url":"https:\/\/nutricia.ca\/wp-content\/uploads\/2020\/04\/nutricia-logo-color.svg","contentUrl":"https:\/\/nutricia.ca\/wp-content\/uploads\/2020\/04\/nutricia-logo-color.svg","caption":"Nutricia"},"image":{"@id":"https:\/\/nutricia.ca\/fr\/#\/schema\/logo\/image\/"},"sameAs":["https:\/\/www.facebook.com\/NutriciaNorthAmerica\/","https:\/\/x.com\/NutriciaUs","https:\/\/www.linkedin.com\/company\/nutricia-north-america\/"]}]}},"_links":{"self":[{"href":"https:\/\/nutricia.ca\/fr\/wp-json\/wp\/v2\/pages\/5865","targetHints":{"allow":["GET"]}}],"collection":[{"href":"https:\/\/nutricia.ca\/fr\/wp-json\/wp\/v2\/pages"}],"about":[{"href":"https:\/\/nutricia.ca\/fr\/wp-json\/wp\/v2\/types\/page"}],"author":[{"embeddable":true,"href":"https:\/\/nutricia.ca\/fr\/wp-json\/wp\/v2\/users\/1024"}],"replies":[{"embeddable":true,"href":"https:\/\/nutricia.ca\/fr\/wp-json\/wp\/v2\/comments?post=5865"}],"version-history":[{"count":1,"href":"https:\/\/nutricia.ca\/fr\/wp-json\/wp\/v2\/pages\/5865\/revisions"}],"predecessor-version":[{"id":5866,"href":"https:\/\/nutricia.ca\/fr\/wp-json\/wp\/v2\/pages\/5865\/revisions\/5866"}],"wp:attachment":[{"href":"https:\/\/nutricia.ca\/fr\/wp-json\/wp\/v2\/media?parent=5865"}],"wp:term":[{"taxonomy":"pages_types","embeddable":true,"href":"https:\/\/nutricia.ca\/fr\/wp-json\/wp\/v2\/pages_types?post=5865"}],"curies":[{"name":"wp","href":"https:\/\/api.w.org\/{rel}","templated":true}]}}