{"id":5714,"date":"2024-02-19T12:26:45","date_gmt":"2024-02-19T17:26:45","guid":{"rendered":"https:\/\/nutricia.ca\/?page_id=5714"},"modified":"2024-02-26T12:19:14","modified_gmt":"2024-02-26T17:19:14","slug":"comment-une-preparation-fortement-hydrolysee-pour-nourrissons-peut-aider-une-allergie-au-lait-de-vache","status":"publish","type":"page","link":"https:\/\/nutricia.ca\/fr\/ehf-aptamil\/","title":{"rendered":"Comment une pr\u00e9paration Fortement Hydrolys\u00e9e pour nourrissons peut aider une allergie au lait de vache"},"content":{"rendered":"","protected":false},"excerpt":{"rendered":"","protected":false},"author":1017,"featured_media":4597,"parent":0,"menu_order":0,"comment_status":"closed","ping_status":"closed","template":"","meta":{"_acf_changed":false,"footnotes":""},"pages_types":[133],"class_list":["post-5714","page","type-page","status-publish","has-post-thumbnail","hentry","pages_types-landing-page"],"acf":[],"yoast_head":"<!-- This site is optimized with the Yoast SEO plugin v26.9 - https:\/\/yoast.com\/product\/yoast-seo-wordpress\/ -->\n<title>Pr\u00e9paration Fortement Hydrolys\u00e9e pour nourrissons | Nutricia<\/title>\n<meta name=\"description\" content=\"Les pr\u00e9parations fortement hydrolys\u00e9es pour nourrissons telles que Aptamil\u00ae Pepti 1 de Nutricia peuvent aider \u00e0 la prise en charge de l\u2019allergie au lait de vache chez les b\u00e9b\u00e9s \u00e2g\u00e9s de 0 \u00e0 12 mois. Faites-en l\u2019exp\u00e9rience d\u00e8s maintenant!\" \/>\n<meta name=\"robots\" content=\"index, follow, max-snippet:-1, max-image-preview:large, max-video-preview:-1\" \/>\n<link rel=\"canonical\" href=\"https:\/\/nutricia.ca\/fr\/ehf-aptamil\/\" \/>\n<meta property=\"og:locale\" content=\"fr_FR\" \/>\n<meta property=\"og:type\" content=\"article\" \/>\n<meta property=\"og:title\" content=\"Pr\u00e9paration Fortement Hydrolys\u00e9e pour nourrissons | Nutricia\" \/>\n<meta property=\"og:description\" content=\"Les pr\u00e9parations fortement hydrolys\u00e9es pour nourrissons telles que Aptamil\u00ae Pepti 1 de Nutricia peuvent aider \u00e0 la prise en charge de l\u2019allergie au lait de vache chez les b\u00e9b\u00e9s \u00e2g\u00e9s de 0 \u00e0 12 mois. Faites-en l\u2019exp\u00e9rience d\u00e8s maintenant!\" \/>\n<meta property=\"og:url\" content=\"https:\/\/nutricia.ca\/fr\/ehf-aptamil\/\" \/>\n<meta property=\"og:site_name\" content=\"Nutricia\" \/>\n<meta property=\"article:publisher\" content=\"https:\/\/www.facebook.com\/NutriciaNorthAmerica\/\" \/>\n<meta property=\"article:modified_time\" content=\"2024-02-26T17:19:14+00:00\" \/>\n<meta property=\"og:image\" content=\"https:\/\/nutricia.ca\/wp-content\/uploads\/2023\/05\/extensively-hydrolyzed-infant-formula-scaled.jpg\" \/>\n\t<meta property=\"og:image:width\" content=\"2560\" \/>\n\t<meta property=\"og:image:height\" content=\"1707\" \/>\n\t<meta property=\"og:image:type\" content=\"image\/jpeg\" \/>\n<meta name=\"twitter:card\" content=\"summary_large_image\" \/>\n<meta name=\"twitter:site\" content=\"@NutriciaUs\" \/>\n<script type=\"application\/ld+json\" class=\"yoast-schema-graph\">{\"@context\":\"https:\/\/schema.org\",\"@graph\":[{\"@type\":\"WebPage\",\"@id\":\"https:\/\/nutricia.ca\/fr\/ehf-aptamil\/\",\"url\":\"https:\/\/nutricia.ca\/fr\/ehf-aptamil\/\",\"name\":\"Pr\u00e9paration Fortement Hydrolys\u00e9e pour nourrissons | Nutricia\",\"isPartOf\":{\"@id\":\"https:\/\/nutricia.ca\/fr\/#website\"},\"primaryImageOfPage\":{\"@id\":\"https:\/\/nutricia.ca\/fr\/ehf-aptamil\/#primaryimage\"},\"image\":{\"@id\":\"https:\/\/nutricia.ca\/fr\/ehf-aptamil\/#primaryimage\"},\"thumbnailUrl\":\"https:\/\/nutricia.ca\/wp-content\/uploads\/2023\/05\/extensively-hydrolyzed-infant-formula-scaled.jpg\",\"datePublished\":\"2024-02-19T17:26:45+00:00\",\"dateModified\":\"2024-02-26T17:19:14+00:00\",\"description\":\"Les pr\u00e9parations fortement hydrolys\u00e9es pour nourrissons telles que Aptamil\u00ae Pepti 1 de Nutricia peuvent aider \u00e0 la prise en charge de l\u2019allergie au lait de vache chez les b\u00e9b\u00e9s \u00e2g\u00e9s de 0 \u00e0 12 mois. Faites-en l\u2019exp\u00e9rience d\u00e8s maintenant!\",\"inLanguage\":\"fr-FR\",\"potentialAction\":[{\"@type\":\"ReadAction\",\"target\":[\"https:\/\/nutricia.ca\/fr\/ehf-aptamil\/\"]}]},{\"@type\":\"ImageObject\",\"inLanguage\":\"fr-FR\",\"@id\":\"https:\/\/nutricia.ca\/fr\/ehf-aptamil\/#primaryimage\",\"url\":\"https:\/\/nutricia.ca\/wp-content\/uploads\/2023\/05\/extensively-hydrolyzed-infant-formula-scaled.jpg\",\"contentUrl\":\"https:\/\/nutricia.ca\/wp-content\/uploads\/2023\/05\/extensively-hydrolyzed-infant-formula-scaled.jpg\",\"width\":2560,\"height\":1707},{\"@type\":\"WebSite\",\"@id\":\"https:\/\/nutricia.ca\/fr\/#website\",\"url\":\"https:\/\/nutricia.ca\/fr\/\",\"name\":\"Nutricia\",\"description\":\"Life-Transforming Nutrition\",\"publisher\":{\"@id\":\"https:\/\/nutricia.ca\/fr\/#organization\"},\"potentialAction\":[{\"@type\":\"SearchAction\",\"target\":{\"@type\":\"EntryPoint\",\"urlTemplate\":\"https:\/\/nutricia.ca\/fr\/?s={search_term_string}\"},\"query-input\":{\"@type\":\"PropertyValueSpecification\",\"valueRequired\":true,\"valueName\":\"search_term_string\"}}],\"inLanguage\":\"fr-FR\"},{\"@type\":\"Organization\",\"@id\":\"https:\/\/nutricia.ca\/fr\/#organization\",\"name\":\"Nutricia\",\"url\":\"https:\/\/nutricia.ca\/fr\/\",\"logo\":{\"@type\":\"ImageObject\",\"inLanguage\":\"fr-FR\",\"@id\":\"https:\/\/nutricia.ca\/fr\/#\/schema\/logo\/image\/\",\"url\":\"https:\/\/nutricia.ca\/wp-content\/uploads\/2020\/04\/nutricia-logo-color.svg\",\"contentUrl\":\"https:\/\/nutricia.ca\/wp-content\/uploads\/2020\/04\/nutricia-logo-color.svg\",\"caption\":\"Nutricia\"},\"image\":{\"@id\":\"https:\/\/nutricia.ca\/fr\/#\/schema\/logo\/image\/\"},\"sameAs\":[\"https:\/\/www.facebook.com\/NutriciaNorthAmerica\/\",\"https:\/\/x.com\/NutriciaUs\",\"https:\/\/www.linkedin.com\/company\/nutricia-north-america\/\"]}]}<\/script>\n<!-- \/ Yoast SEO plugin. -->","yoast_head_json":{"title":"Pr\u00e9paration Fortement Hydrolys\u00e9e pour nourrissons | Nutricia","description":"Les pr\u00e9parations fortement hydrolys\u00e9es pour nourrissons telles que Aptamil\u00ae Pepti 1 de Nutricia peuvent aider \u00e0 la prise en charge de l\u2019allergie au lait de vache chez les b\u00e9b\u00e9s \u00e2g\u00e9s de 0 \u00e0 12 mois. Faites-en l\u2019exp\u00e9rience d\u00e8s maintenant!","robots":{"index":"index","follow":"follow","max-snippet":"max-snippet:-1","max-image-preview":"max-image-preview:large","max-video-preview":"max-video-preview:-1"},"canonical":"https:\/\/nutricia.ca\/fr\/ehf-aptamil\/","og_locale":"fr_FR","og_type":"article","og_title":"Pr\u00e9paration Fortement Hydrolys\u00e9e pour nourrissons | Nutricia","og_description":"Les pr\u00e9parations fortement hydrolys\u00e9es pour nourrissons telles que Aptamil\u00ae Pepti 1 de Nutricia peuvent aider \u00e0 la prise en charge de l\u2019allergie au lait de vache chez les b\u00e9b\u00e9s \u00e2g\u00e9s de 0 \u00e0 12 mois. Faites-en l\u2019exp\u00e9rience d\u00e8s maintenant!","og_url":"https:\/\/nutricia.ca\/fr\/ehf-aptamil\/","og_site_name":"Nutricia","article_publisher":"https:\/\/www.facebook.com\/NutriciaNorthAmerica\/","article_modified_time":"2024-02-26T17:19:14+00:00","og_image":[{"width":2560,"height":1707,"url":"https:\/\/nutricia.ca\/wp-content\/uploads\/2023\/05\/extensively-hydrolyzed-infant-formula-scaled.jpg","type":"image\/jpeg"}],"twitter_card":"summary_large_image","twitter_site":"@NutriciaUs","schema":{"@context":"https:\/\/schema.org","@graph":[{"@type":"WebPage","@id":"https:\/\/nutricia.ca\/fr\/ehf-aptamil\/","url":"https:\/\/nutricia.ca\/fr\/ehf-aptamil\/","name":"Pr\u00e9paration Fortement Hydrolys\u00e9e pour nourrissons | Nutricia","isPartOf":{"@id":"https:\/\/nutricia.ca\/fr\/#website"},"primaryImageOfPage":{"@id":"https:\/\/nutricia.ca\/fr\/ehf-aptamil\/#primaryimage"},"image":{"@id":"https:\/\/nutricia.ca\/fr\/ehf-aptamil\/#primaryimage"},"thumbnailUrl":"https:\/\/nutricia.ca\/wp-content\/uploads\/2023\/05\/extensively-hydrolyzed-infant-formula-scaled.jpg","datePublished":"2024-02-19T17:26:45+00:00","dateModified":"2024-02-26T17:19:14+00:00","description":"Les pr\u00e9parations fortement hydrolys\u00e9es pour nourrissons telles que Aptamil\u00ae Pepti 1 de Nutricia peuvent aider \u00e0 la prise en charge de l\u2019allergie au lait de vache chez les b\u00e9b\u00e9s \u00e2g\u00e9s de 0 \u00e0 12 mois. Faites-en l\u2019exp\u00e9rience d\u00e8s maintenant!","inLanguage":"fr-FR","potentialAction":[{"@type":"ReadAction","target":["https:\/\/nutricia.ca\/fr\/ehf-aptamil\/"]}]},{"@type":"ImageObject","inLanguage":"fr-FR","@id":"https:\/\/nutricia.ca\/fr\/ehf-aptamil\/#primaryimage","url":"https:\/\/nutricia.ca\/wp-content\/uploads\/2023\/05\/extensively-hydrolyzed-infant-formula-scaled.jpg","contentUrl":"https:\/\/nutricia.ca\/wp-content\/uploads\/2023\/05\/extensively-hydrolyzed-infant-formula-scaled.jpg","width":2560,"height":1707},{"@type":"WebSite","@id":"https:\/\/nutricia.ca\/fr\/#website","url":"https:\/\/nutricia.ca\/fr\/","name":"Nutricia","description":"Life-Transforming Nutrition","publisher":{"@id":"https:\/\/nutricia.ca\/fr\/#organization"},"potentialAction":[{"@type":"SearchAction","target":{"@type":"EntryPoint","urlTemplate":"https:\/\/nutricia.ca\/fr\/?s={search_term_string}"},"query-input":{"@type":"PropertyValueSpecification","valueRequired":true,"valueName":"search_term_string"}}],"inLanguage":"fr-FR"},{"@type":"Organization","@id":"https:\/\/nutricia.ca\/fr\/#organization","name":"Nutricia","url":"https:\/\/nutricia.ca\/fr\/","logo":{"@type":"ImageObject","inLanguage":"fr-FR","@id":"https:\/\/nutricia.ca\/fr\/#\/schema\/logo\/image\/","url":"https:\/\/nutricia.ca\/wp-content\/uploads\/2020\/04\/nutricia-logo-color.svg","contentUrl":"https:\/\/nutricia.ca\/wp-content\/uploads\/2020\/04\/nutricia-logo-color.svg","caption":"Nutricia"},"image":{"@id":"https:\/\/nutricia.ca\/fr\/#\/schema\/logo\/image\/"},"sameAs":["https:\/\/www.facebook.com\/NutriciaNorthAmerica\/","https:\/\/x.com\/NutriciaUs","https:\/\/www.linkedin.com\/company\/nutricia-north-america\/"]}]}},"_links":{"self":[{"href":"https:\/\/nutricia.ca\/fr\/wp-json\/wp\/v2\/pages\/5714","targetHints":{"allow":["GET"]}}],"collection":[{"href":"https:\/\/nutricia.ca\/fr\/wp-json\/wp\/v2\/pages"}],"about":[{"href":"https:\/\/nutricia.ca\/fr\/wp-json\/wp\/v2\/types\/page"}],"author":[{"embeddable":true,"href":"https:\/\/nutricia.ca\/fr\/wp-json\/wp\/v2\/users\/1017"}],"replies":[{"embeddable":true,"href":"https:\/\/nutricia.ca\/fr\/wp-json\/wp\/v2\/comments?post=5714"}],"version-history":[{"count":4,"href":"https:\/\/nutricia.ca\/fr\/wp-json\/wp\/v2\/pages\/5714\/revisions"}],"predecessor-version":[{"id":5734,"href":"https:\/\/nutricia.ca\/fr\/wp-json\/wp\/v2\/pages\/5714\/revisions\/5734"}],"wp:featuredmedia":[{"embeddable":true,"href":"https:\/\/nutricia.ca\/fr\/wp-json\/wp\/v2\/media\/4597"}],"wp:attachment":[{"href":"https:\/\/nutricia.ca\/fr\/wp-json\/wp\/v2\/media?parent=5714"}],"wp:term":[{"taxonomy":"pages_types","embeddable":true,"href":"https:\/\/nutricia.ca\/fr\/wp-json\/wp\/v2\/pages_types?post=5714"}],"curies":[{"name":"wp","href":"https:\/\/api.w.org\/{rel}","templated":true}]}}